{"id":620,"date":"2023-04-04T09:41:37","date_gmt":"2023-04-04T07:41:37","guid":{"rendered":"http:\/\/changecommunication.org\/?page_id=620"},"modified":"2023-08-04T19:51:44","modified_gmt":"2023-08-04T17:51:44","slug":"agbs","status":"publish","type":"page","link":"http:\/\/changecommunication.org\/en\/agbs\/","title":{"rendered":"AGBs"},"content":{"rendered":"\n<div style=\"height:99px\" aria-hidden=\"true\" class=\"wp-block-spacer\"><\/div>\n\n\n\n<p><strong>Allgemeine Gesch\u00e4ftsbedingungen f\u00fcr Veranstaltungen von Change Communication<\/strong><\/p>\n\n\n\n<p><strong>\u00a7 1 Allgemeines<\/strong><\/p>\n\n\n\n<p>Durch die Annahme der Anmeldung f\u00fcr eine Veranstaltung (Training, Seminar, Online- Meeting\/Training\/Coaching, Workshop) erkennen Sie die Allgemeinen Gesch\u00e4ftsbedingungen von Change Communication (Einzelunternehmen f\u00fcr Leadership- &amp; Kommunikations-Trainings) als verbindlich&nbsp;an.<\/p>\n\n\n\n<p>Abweichende Gesch\u00e4ftsbedingungen des Vertragspartners werden von Change Communication nicht anerkannt, es sei denn, dieses wird von Change Communication textf\u00f6rmig best\u00e4tigt. Aus einem Schweigen von Change Communication kann bei entgegenstehenden AGB nicht auf eine Zustimmung von Change Communication zu den abweichenden Gesch\u00e4ftsbedingungen des Vertragspartners geschlossen werden.<\/p>\n\n\n\n<p><strong>\u00a7 2 Anmeldung und Bezahlung<\/strong><\/p>\n\n\n\n<p>Vertragspartner des Kunden ist: Change Communication, vertreten durch Georg Schumann, Merianstr. 30, 80637 M\u00fcnchen<br><br>Umsatzsteuer-Identifikationsnummer gem\u00e4\u00df \u00a7 27 a Umsatzsteuergesetz: 148\/139\/70636<\/p>\n\n\n\n<p>2.1 Anmeldungen zu einer Veranstaltung k\u00f6nnen per E\u2011Mail, \u00fcber ein Formular oder telefonisch erfolgen. Sie werden rechtswirksam durch die Zusendung einer verbindlichen Anmeldebest\u00e4tigung durch Change Communication. Diese beinhaltet die schriftliche Terminzusage und die Zusendung dieser&nbsp;AGB. Wird die Anmeldung des Teilnehmers durch einen Dritten vorgenommen und ist dieser auch als Rechnungsempf\u00e4nger benannt, so gilt der anmeldende Dritte als Vertragspartner.<\/p>\n\n\n\n<p>2.2 Gew\u00f6hnlich sind unsere Vertragspartner Unternehmen und Selbstst\u00e4ndige. F\u00fcr Verbraucher im Sinne \u00a7 13 BGB \u2013 also nicht f\u00fcr gewerblich t\u00e4tige Unternehmen oder z.B. Freiberufler, die eine Veranstaltung f\u00fcr berufliche Zwecke nutzen \u2013 besteht bei Dienstleistungen, die im Fernabsatz vereinbart werden, ein Widerrufsrecht gem\u00e4\u00df \u00a7 355 BGB. Wenn Sie ein Verbraucher im Sinne \u00a7 13 BGB sind, kann der Widerruf innerhalb der Frist von 14 Tagen per E\u2011Mail oder schriftlich per Fax erfolgen.<\/p>\n\n\n\n<p>2.3 Alle Preise verstehen sich netto zzgl. der gesetzlichen Umsatzsteuer. Die Preise beinhalten die auf der Website oder\/und im individuellen Kunden-Angebot aufgef\u00fchrten Leistungen.<\/p>\n\n\n\n<p>2.4 Falls nicht anders vereinbart, erfolgt die Rechnungsstellung zeitgleich mit oder nach&nbsp;der Anmeldung zur gebuchten Veranstaltung mit einer Zahlungsfrist von 14 Tage ab Rechnungsdatum ohne&nbsp;Abzug. Die Pflicht zur Zahlung besteht unabh\u00e4ngig von Leistungen Dritter (z.B. Erstattung durch den Arbeitgeber).<\/p>\n\n\n\n<p>2.5 Die von uns angebotenen verschiedenen Rabattm\u00f6glichkeiten sind nicht kombinierbar. Dies gilt auch f\u00fcr bereits rabattierte Gesamtpreise.<br>Sollten Sie nachtr\u00e4glich teilstornieren, wird der o. g. Rabatt zur\u00fcckgenommen bzw. nachbelastet.<\/p>\n\n\n\n<p><strong>\u00a7 3 Stornierung und Umbuchung<\/strong><\/p>\n\n\n\n<p>3.1 Bei alle Veranstaltungen von Change Communication m\u00fcssen R\u00fccktritte von bereits angemeldeten Teilnehmer*innen schriftlich per E\u2011Mail erfolgen. Sie werden wirksam durch Best\u00e4tigung durch&nbsp;uns.<\/p>\n\n\n\n<p>3.2. F\u00fcr eine Stornierung seitens des angemeldeten Teilnehmers werden folgende Bearbeitungsgeb\u00fchren erhoben:<\/p>\n\n\n\n<ul class=\"wp-block-list\">\n<li>2 bis 6 Wochen vor Veranstaltungsbeginn: 50% der Veranstaltungsgeb\u00fchr (zzgl. MwSt.).<\/li>\n\n\n\n<li>Weniger als 2 Wochen bis eine Woche vor Veranstaltungsbeginn: 80% der Veranstaltungsgeb\u00fchr (zzgl. MwSt.).<\/li>\n\n\n\n<li>Weniger als 7 Werktage vor Veranstaltungsbeginn: 100% der Veranstaltungsgeb\u00fchr (zzgl. MwSt.).<\/li>\n<\/ul>\n\n\n\n<p>Sie haben bei einer Stornierung Ihres Platzes die M\u00f6glichkeit, einen Ersatzteilnehmer zu benennen. In dem Fall wird keine Stornogeb\u00fchr f\u00e4llig.<\/p>\n\n\n\n<p>3.3 Sollte die Veranstaltung aufgrund h\u00f6herer Gewalt oder gesetzlicher Notfallregelungen (Pandemie etc.) nicht stattfinden d\u00fcrfen, ist Change Communication berechtigt, die Veranstaltung so wie geplant online durchzuf\u00fchren.<\/p>\n\n\n\n<p>3.4 Umbuchungen auf alternative Change Communication \u2013 Veranstaltungen k\u00f6nnen gegen Zahlung bzw. Erstattung der Preisdifferenz vorgenommen werden. Hierf\u00fcr wird<\/p>\n\n\n\n<p>a) keine Bearbeitungsgeb\u00fchr erhoben, wenn die Umbuchung mehr als 30 Kalendertage vor Beginn der urspr\u00fcnglich gebuchten Veranstaltung erfolgt.<\/p>\n\n\n\n<p>b)&nbsp;eine&nbsp;Bearbeitungsgeb\u00fchr von 250 \u20ac&nbsp;zzgl. MwSt. pro Umbuchung&nbsp;erhoben, wenn die Umbuchung weniger als 30 Kalendertage vor Beginn der urspr\u00fcnglich gebuchten Veranstaltung erfolgt.<\/p>\n\n\n\n<p><strong>\u00a7 4 Absage seitens der Veranstalter<\/strong><\/p>\n\n\n\n<p>4.1 Change Communication beh\u00e4lt sich vor, Veranstaltungen bis zu vier Wochen vor Start auf Grund einer zu geringen Teilnehmerzahl abzusagen oder zu verlegen. Haben Sie bereits f\u00fcr die Veranstaltung bezahlt, so wird ein Ersatztermin zur Verf\u00fcgung gestellt.<\/p>\n\n\n\n<p>4.2 Die Durchf\u00fchrung der Online-Angebote wird nach Verstreichen der Absagefrist garantiert, sofern nicht h\u00f6here Gewalt dies verhindert.<\/p>\n\n\n\n<p><strong>\u00a7 5 Gew\u00e4hrleistung und \u00c4nderungsvorbehalt<\/strong><\/p>\n\n\n\n<p>5.1 Alle Materialien, Unterlagen und Handouts sind nach neuesten Erkenntnissen und individuell f\u00fcr und von Change Communication erstellt.<\/p>\n\n\n\n<p>5.2 Alle Veranstaltungen f\u00fchren erfahrene Berater und Trainer jeweils exklusiv f\u00fcr Change Communication durch. In der Websitebeschreibung oder dem Angebot vorgesehene Dozenten k\u00f6nnen im Bedarfsfall durch andere, gleich qualifizierte Personen ersetzt werden.<\/p>\n\n\n\n<p>5.3 Change Communication kann trotz dieser Qualit\u00e4tssicherungsma\u00dfnahmen, die inhaltliche Richtigkeit und Fehlerfreiheit der Schulungsinhalte und Skripte nicht garantieren.<\/p>\n\n\n\n<p>5.4 Change Communication beh\u00e4lt sich notwendige inhaltliche, methodische und zeitliche Anpassungen bzw. Abweichungen bei unseren Veranstaltungen vor, soweit diese den Gesamtcharakter der betreffenden Veranstaltung nicht wesentlich ver\u00e4ndern.<\/p>\n\n\n\n<p>5.5 St\u00f6rungen der Qualit\u00e4t des Zugangs zum Internet und des Datenverkehrs im Internet aufgrund h\u00f6herer Gewalt und aufgrund von Ereignissen, die Change Communication nicht zu vertreten hat und die ihre Leistungen wesentlich erschweren oder unm\u00f6glich machen, f\u00fchren nicht zu einem Anspruch auf Schadensersatz wegen der Nichtverf\u00fcgbarkeit.<\/p>\n\n\n\n<p><strong>\u00a7 6 Nutzungsbestimmungen, personalisierter Zugang<\/strong><\/p>\n\n\n\n<p>6.1 Der Teilnehmer ist selbst verantwortlich, das Vorliegen der technischen Voraussetzungen vor der Buchung des Online-Angebots zu \u00fcberpr\u00fcfen und zumindest bis zur Teilnahme sicherzustellen. Eine Erstattung der Teilnahmegeb\u00fchren bei technischen Problemen aufgrund des Fehlens der technischen Voraussetzungen oder Verbindungsproblemen auf Seiten des Teilnehmers ist nicht m\u00f6glich.<\/p>\n\n\n\n<p>6.2 Der Teilnehmer erh\u00e4lt ggfs. Zugangslinks zu dem von ihm gebuchten Online-Angebot. Dabei handelt es sich teils um Links f\u00fcr verwendete Plattformen sowie teils um Links f\u00fcr den Zugang auf den eigenen Online-Campus. Eine Weitergabe des Links an Dritte oder eine sonstige \u00f6ffentliche Zug\u00e4nglichmachung des Links ist dem Teilnehmer nicht gestattet. Der Teilnehmer hat den Link entsprechend aufzubewahren und vor unberechtigten Zugriff Dritter zu sch\u00fctzen.<\/p>\n\n\n\n<p>6.3 F\u00fcr den Fall, dass ein Angebot mehrfach unter einem Zugangslink besucht oder der Zugangslink \u00f6ffentlich zug\u00e4nglich gemacht wird, ist die Change Communication berechtigt, Schadensersatz geltend zu machen und den Teilnehmer von entsprechender Veranstaltung auszuschlie\u00dfen.<\/p>\n\n\n\n<p>6.4 Wenn und soweit in der jeweiligen Veranstaltung personenbezogene Daten Dritter genannt oder ausgetauscht werden (z.B. auch Kontaktdaten unter den Teilnehmern), verpflichtet sich der jeweilige Teilnehmer, solche Daten weder gewerblich zu nutzen, noch diese Dritten zur Verf\u00fcgung zu stellen oder sie sonst \u00f6ffentlich zug\u00e4nglich zu machen. Im Falle eines Versto\u00dfes ist die Change Communication berechtigt, entsprechende rechtliche Schritte einzuleiten.<\/p>\n\n\n\n<p><strong>\u00a7 7 Urheberrecht<\/strong><\/p>\n\n\n\n<p>Change Communication obliegt das Urheberrecht an den \u00fcberlassenen Schulungsunterlagen und sonstigen Inhalten der Veranstaltung, sofern nicht anders vermerkt. Die Unterlagen d\u00fcrfen nicht vervielf\u00e4ltigt und an Dritte weitergegeben werden. Jede Weitergabe von Inhalten und Unterrichtsmaterialien, deren nicht autorisierter Download oder das Abfilmen der Veranstaltungen ist ohne textf\u00f6rmige Genehmigung unzul\u00e4ssig, gleich zu welchen Zwecken.<\/p>\n\n\n\n<p><strong>\u00a7 8 Datensicherheit<\/strong><\/p>\n\n\n\n<p>Bitte beachten Sie die <a href=\"https:\/\/changecommunication\/datenschutzerklaerung\" target=\"_blank\" rel=\"noreferrer noopener\">Datenschutzerkl\u00e4rung<\/a> auf unserer Webseite.<\/p>\n\n\n\n<p><strong>\u00a7 9 Gerichtsstand<\/strong><\/p>\n\n\n\n<p>Gerichtsstand ist M\u00fcnchen. Es gilt das Recht der Bundesrepublik Deutschland. Verweist dieses Recht auf ausl\u00e4ndische Rechtsordnungen, so sind solche Verweisungen unwirksam. Die Anwendung des UN-Kaufrechts (CISG) wird ausdr\u00fccklich ausgeschlossen.<\/p>\n\n\n\n<p><strong>\u00a7 10 Salvatorische Klausel<\/strong><\/p>\n\n\n\n<p>Eine eventuelle Unwirksamkeit einer oder mehrerer Bestimmungen ber\u00fchrt die \u00fcbrigen&nbsp;Bestimmungen nicht. Anstelle der unwirksamen Klauseln gilt dasjenige vereinbart, was dem&nbsp;wirtschaftlich Gewollten in rechtlich zul\u00e4ssiger Weise am ehesten entspricht. Dies gilt auch f\u00fcr die erg\u00e4nzende Vertragsauslegung.<\/p>\n\n\n\n<p>Stand Juli 2023<\/p>\n","protected":false},"excerpt":{"rendered":"<p>Allgemeine Gesch\u00e4ftsbedingungen f\u00fcr Veranstaltungen von Change Communication \u00a7 1 Allgemeines Durch die Annahme der Anmeldung f\u00fcr eine Veranstaltung (Training, Seminar, Online- Meeting\/Training\/Coaching, Workshop) erkennen Sie die Allgemeinen Gesch\u00e4ftsbedingungen von Change Communication (Einzelunternehmen f\u00fcr Leadership- &amp; Kommunikations-Trainings) als verbindlich&nbsp;an. Abweichende Gesch\u00e4ftsbedingungen des Vertragspartners werden von Change Communication nicht anerkannt, es sei denn, dieses wird von Change&hellip;&nbsp;<a href=\"http:\/\/changecommunication.org\/en\/agbs\/\" class=\"\" rel=\"bookmark\">Read More &raquo;<span class=\"screen-reader-text\">AGBs<\/span><\/a><\/p>\n","protected":false},"author":1,"featured_media":0,"parent":0,"menu_order":0,"comment_status":"closed","ping_status":"closed","template":"","meta":{"neve_meta_sidebar":"","neve_meta_container":"","neve_meta_enable_content_width":"","neve_meta_content_width":0,"neve_meta_title_alignment":"","neve_meta_author_avatar":"","neve_post_elements_order":"","neve_meta_disable_header":"","neve_meta_disable_footer":"","neve_meta_disable_title":"on","_themeisle_gutenberg_block_has_review":false,"footnotes":""},"class_list":["post-620","page","type-page","status-publish","hentry"],"yoast_head":"<!-- This site is optimized with the Yoast SEO plugin v20.12 - https:\/\/yoast.com\/wordpress\/plugins\/seo\/ -->\n<title>AGBs - Change Communication<\/title>\n<meta name=\"robots\" content=\"index, follow, max-snippet:-1, max-image-preview:large, max-video-preview:-1\" \/>\n<link rel=\"canonical\" href=\"https:\/\/changecommunication.org\/en\/agbs\/\" \/>\n<meta property=\"og:locale\" content=\"en_US\" \/>\n<meta property=\"og:type\" content=\"article\" \/>\n<meta property=\"og:title\" content=\"AGBs - Change Communication\" \/>\n<meta property=\"og:description\" content=\"Allgemeine Gesch\u00e4ftsbedingungen f\u00fcr Veranstaltungen von Change Communication \u00a7 1 Allgemeines Durch die Annahme der Anmeldung f\u00fcr eine Veranstaltung (Training, Seminar, Online- Meeting\/Training\/Coaching, Workshop) erkennen Sie die Allgemeinen Gesch\u00e4ftsbedingungen von Change Communication (Einzelunternehmen f\u00fcr Leadership- &amp; Kommunikations-Trainings) als verbindlich&nbsp;an. Abweichende Gesch\u00e4ftsbedingungen des Vertragspartners werden von Change Communication nicht anerkannt, es sei denn, dieses wird von Change&hellip;&nbsp;Read More &raquo;AGBs\" \/>\n<meta property=\"og:url\" content=\"https:\/\/changecommunication.org\/en\/agbs\/\" \/>\n<meta property=\"og:site_name\" content=\"Change Communication\" \/>\n<meta property=\"article:modified_time\" content=\"2023-08-04T17:51:44+00:00\" \/>\n<meta name=\"twitter:card\" content=\"summary_large_image\" \/>\n<meta name=\"twitter:label1\" content=\"Est. reading time\" \/>\n\t<meta name=\"twitter:data1\" content=\"5 minutes\" \/>\n<script type=\"application\/ld+json\" class=\"yoast-schema-graph\">{\"@context\":\"https:\/\/schema.org\",\"@graph\":[{\"@type\":\"WebPage\",\"@id\":\"https:\/\/changecommunication.org\/agbs\/\",\"url\":\"https:\/\/changecommunication.org\/agbs\/\",\"name\":\"AGBs - Change Communication\",\"isPartOf\":{\"@id\":\"http:\/\/changecommunication.org\/en\/#website\"},\"datePublished\":\"2023-04-04T07:41:37+00:00\",\"dateModified\":\"2023-08-04T17:51:44+00:00\",\"breadcrumb\":{\"@id\":\"https:\/\/changecommunication.org\/agbs\/#breadcrumb\"},\"inLanguage\":\"en-US\",\"potentialAction\":[{\"@type\":\"ReadAction\",\"target\":[\"https:\/\/changecommunication.org\/agbs\/\"]}]},{\"@type\":\"BreadcrumbList\",\"@id\":\"https:\/\/changecommunication.org\/agbs\/#breadcrumb\",\"itemListElement\":[{\"@type\":\"ListItem\",\"position\":1,\"name\":\"Home\",\"item\":\"https:\/\/changecommunication.org\/\"},{\"@type\":\"ListItem\",\"position\":2,\"name\":\"AGBs\"}]},{\"@type\":\"WebSite\",\"@id\":\"http:\/\/changecommunication.org\/en\/#website\",\"url\":\"http:\/\/changecommunication.org\/en\/\",\"name\":\"Change Communication\",\"description\":\"Leadership Communication Trainings\",\"publisher\":{\"@id\":\"http:\/\/changecommunication.org\/en\/#organization\"},\"alternateName\":\"Change Communication Leadership Trainings\",\"potentialAction\":[{\"@type\":\"SearchAction\",\"target\":{\"@type\":\"EntryPoint\",\"urlTemplate\":\"http:\/\/changecommunication.org\/en\/?s={search_term_string}\"},\"query-input\":\"required name=search_term_string\"}],\"inLanguage\":\"en-US\"},{\"@type\":\"Organization\",\"@id\":\"http:\/\/changecommunication.org\/en\/#organization\",\"name\":\"Change Communication\",\"alternateName\":\"Change Communication Trainings\",\"url\":\"http:\/\/changecommunication.org\/en\/\",\"logo\":{\"@type\":\"ImageObject\",\"inLanguage\":\"en-US\",\"@id\":\"http:\/\/changecommunication.org\/en\/#\/schema\/logo\/image\/\",\"url\":\"https:\/\/changecommunication.org\/wp-content\/uploads\/2023\/02\/People-Connected-and-Title-Orange-darker.png\",\"contentUrl\":\"https:\/\/changecommunication.org\/wp-content\/uploads\/2023\/02\/People-Connected-and-Title-Orange-darker.png\",\"width\":755,\"height\":167,\"caption\":\"Change Communication\"},\"image\":{\"@id\":\"http:\/\/changecommunication.org\/en\/#\/schema\/logo\/image\/\"},\"sameAs\":[\"https:\/\/www.linkedin.com\/in\/georgschumann\/\"]}]}<\/script>\n<!-- \/ Yoast SEO plugin. -->","yoast_head_json":{"title":"AGBs - Change Communication","robots":{"index":"index","follow":"follow","max-snippet":"max-snippet:-1","max-image-preview":"max-image-preview:large","max-video-preview":"max-video-preview:-1"},"canonical":"https:\/\/changecommunication.org\/en\/agbs\/","og_locale":"en_US","og_type":"article","og_title":"AGBs - Change Communication","og_description":"Allgemeine Gesch\u00e4ftsbedingungen f\u00fcr Veranstaltungen von Change Communication \u00a7 1 Allgemeines Durch die Annahme der Anmeldung f\u00fcr eine Veranstaltung (Training, Seminar, Online- Meeting\/Training\/Coaching, Workshop) erkennen Sie die Allgemeinen Gesch\u00e4ftsbedingungen von Change Communication (Einzelunternehmen f\u00fcr Leadership- &amp; Kommunikations-Trainings) als verbindlich&nbsp;an. Abweichende Gesch\u00e4ftsbedingungen des Vertragspartners werden von Change Communication nicht anerkannt, es sei denn, dieses wird von Change&hellip;&nbsp;Read More &raquo;AGBs","og_url":"https:\/\/changecommunication.org\/en\/agbs\/","og_site_name":"Change Communication","article_modified_time":"2023-08-04T17:51:44+00:00","twitter_card":"summary_large_image","twitter_misc":{"Est. reading time":"5 minutes"},"schema":{"@context":"https:\/\/schema.org","@graph":[{"@type":"WebPage","@id":"https:\/\/changecommunication.org\/agbs\/","url":"https:\/\/changecommunication.org\/agbs\/","name":"AGBs - Change Communication","isPartOf":{"@id":"http:\/\/changecommunication.org\/en\/#website"},"datePublished":"2023-04-04T07:41:37+00:00","dateModified":"2023-08-04T17:51:44+00:00","breadcrumb":{"@id":"https:\/\/changecommunication.org\/agbs\/#breadcrumb"},"inLanguage":"en-US","potentialAction":[{"@type":"ReadAction","target":["https:\/\/changecommunication.org\/agbs\/"]}]},{"@type":"BreadcrumbList","@id":"https:\/\/changecommunication.org\/agbs\/#breadcrumb","itemListElement":[{"@type":"ListItem","position":1,"name":"Home","item":"https:\/\/changecommunication.org\/"},{"@type":"ListItem","position":2,"name":"AGBs"}]},{"@type":"WebSite","@id":"http:\/\/changecommunication.org\/en\/#website","url":"http:\/\/changecommunication.org\/en\/","name":"Change Communication","description":"Leadership Communication Trainings","publisher":{"@id":"http:\/\/changecommunication.org\/en\/#organization"},"alternateName":"Change Communication Leadership Trainings","potentialAction":[{"@type":"SearchAction","target":{"@type":"EntryPoint","urlTemplate":"http:\/\/changecommunication.org\/en\/?s={search_term_string}"},"query-input":"required name=search_term_string"}],"inLanguage":"en-US"},{"@type":"Organization","@id":"http:\/\/changecommunication.org\/en\/#organization","name":"Change Communication","alternateName":"Change Communication Trainings","url":"http:\/\/changecommunication.org\/en\/","logo":{"@type":"ImageObject","inLanguage":"en-US","@id":"http:\/\/changecommunication.org\/en\/#\/schema\/logo\/image\/","url":"https:\/\/changecommunication.org\/wp-content\/uploads\/2023\/02\/People-Connected-and-Title-Orange-darker.png","contentUrl":"https:\/\/changecommunication.org\/wp-content\/uploads\/2023\/02\/People-Connected-and-Title-Orange-darker.png","width":755,"height":167,"caption":"Change Communication"},"image":{"@id":"http:\/\/changecommunication.org\/en\/#\/schema\/logo\/image\/"},"sameAs":["https:\/\/www.linkedin.com\/in\/georgschumann\/"]}]}},"_links":{"self":[{"href":"http:\/\/changecommunication.org\/en\/wp-json\/wp\/v2\/pages\/620","targetHints":{"allow":["GET"]}}],"collection":[{"href":"http:\/\/changecommunication.org\/en\/wp-json\/wp\/v2\/pages"}],"about":[{"href":"http:\/\/changecommunication.org\/en\/wp-json\/wp\/v2\/types\/page"}],"author":[{"embeddable":true,"href":"http:\/\/changecommunication.org\/en\/wp-json\/wp\/v2\/users\/1"}],"replies":[{"embeddable":true,"href":"http:\/\/changecommunication.org\/en\/wp-json\/wp\/v2\/comments?post=620"}],"version-history":[{"count":3,"href":"http:\/\/changecommunication.org\/en\/wp-json\/wp\/v2\/pages\/620\/revisions"}],"predecessor-version":[{"id":1028,"href":"http:\/\/changecommunication.org\/en\/wp-json\/wp\/v2\/pages\/620\/revisions\/1028"}],"wp:attachment":[{"href":"http:\/\/changecommunication.org\/en\/wp-json\/wp\/v2\/media?parent=620"}],"curies":[{"name":"wp","href":"https:\/\/api.w.org\/{rel}","templated":true}]}}