{"id":634,"date":"2023-04-04T10:12:09","date_gmt":"2023-04-04T08:12:09","guid":{"rendered":"http:\/\/changecommunication.org\/?page_id=634"},"modified":"2023-08-04T19:57:44","modified_gmt":"2023-08-04T17:57:44","slug":"impressum","status":"publish","type":"page","link":"http:\/\/changecommunication.org\/en\/impressum\/","title":{"rendered":"Impressum"},"content":{"rendered":"\n<div style=\"height:100px\" aria-hidden=\"true\" class=\"wp-block-spacer\"><\/div>\n\n\n\n<h2 class=\"wp-block-heading\">Impressum<\/h2>\n\n\n\n<p>Angaben gem\u00e4\u00df \u00a7 5 TMG<\/p>\n\n\n\n<p>Georg Schumann<br>Merianstr. 30<br>80637 M\u00fcnchen<\/p>\n\n\n\n<p><strong>Vertreten durch:<\/strong><br>Georg Schumann<\/p>\n\n\n\n<p><strong>Kontakt:<\/strong><br>Telefon: +49-179 68 23 575<br>E-Mail: <a href=\"mailto:contact@changecommunication.org\">contact@changecommunication.org<\/a><\/p>\n\n\n\n<p><strong>Umsatzsteuer-ID:<\/strong><br>Umsatzsteuer-Identifikationsnummer gem\u00e4\u00df \u00a727a Umsatzsteuergesetz: 148\/139\/70636<\/p>\n\n\n\n<p>Plattform der EU-Kommission zur Online-Streitbeilegung: <a rel=\"noreferrer noopener\" href=\"https:\/\/www.ec.europa.eu\/consumers\/odr\" target=\"_blank\">https:\/\/www.ec.europa.eu\/consumers\/odr<\/a><br><br><strong>Verantwortlich f\u00fcr den Inhalt nach \u00a7 55 Abs. 2 RStV (Inhaltlich verantwortlich):<\/strong><br>Georg Schumann<br>Merianstr. 30<br>80637 M\u00fcnchen<\/p>\n\n\n\n<p><strong>Haftungsausschluss:<\/strong><br><br><strong>Haftung f\u00fcr Inhalte<\/strong><br><br>Die Inhalte unserer Seiten wurden mit gr\u00f6\u00dfter Sorgfalt erstellt. F\u00fcr die Richtigkeit, Vollst\u00e4ndigkeit und Aktualit\u00e4t der Inhalte k\u00f6nnen wir jedoch keine Gew\u00e4hr \u00fcbernehmen. Als Diensteanbieter sind wir gem\u00e4\u00df \u00a7 7 Abs.1 TMG f\u00fcr eigene Inhalte auf diesen Seiten nach den allgemeinen Gesetzen verantwortlich. Nach \u00a7\u00a7 8 bis 10 TMG sind wir als Diensteanbieter jedoch nicht verpflichtet, \u00fcbermittelte oder gespeicherte fremde Informationen zu \u00fcberwachen oder nach Umst\u00e4nden zu forschen, die auf eine rechtswidrige T\u00e4tigkeit hinweisen. Verpflichtungen zur Entfernung oder Sperrung der Nutzung von Informationen nach den allgemeinen Gesetzen bleiben hiervon unber\u00fchrt. Eine diesbez\u00fcgliche Haftung ist jedoch erst ab dem Zeitpunkt der Kenntnis einer konkreten Rechtsverletzung m\u00f6glich. Bei Bekanntwerden von entsprechenden Rechtsverletzungen werden wir diese Inhalte umgehend entfernen.<br><br><strong>Haftung f\u00fcr Links<\/strong><br><br>Unser Angebot enth\u00e4lt Links zu externen Webseiten Dritter, auf deren Inhalte wir keinen Einfluss haben. Deshalb k\u00f6nnen wir f\u00fcr diese fremden Inhalte auch keine Gew\u00e4hr \u00fcbernehmen. F\u00fcr die Inhalte der verlinkten Seiten ist stets der jeweilige Anbieter oder Betreiber der Seiten verantwortlich. Die verlinkten Seiten wurden zum Zeitpunkt der Verlinkung auf m\u00f6gliche Rechtsverst\u00f6\u00dfe \u00fcberpr\u00fcft. Rechtswidrige Inhalte waren zum Zeitpunkt der Verlinkung nicht erkennbar. Eine permanente inhaltliche Kontrolle der verlinkten Seiten ist jedoch ohne konkrete Anhaltspunkte einer Rechtsverletzung nicht zumutbar. Bei Bekanntwerden von Rechtsverletzungen werden wir derartige Links umgehend entfernen.<br><br><strong>Urheberrecht<\/strong><br><br>Die durch die Seitenbetreiber erstellten Inhalte und Werke auf diesen Seiten unterliegen dem deutschen Urheberrecht. Die Vervielf\u00e4ltigung, Bearbeitung, Verbreitung und jede Art der Verwertung au\u00dferhalb der Grenzen des Urheberrechtes bed\u00fcrfen der schriftlichen Zustimmung des jeweiligen Autors bzw. Erstellers. Downloads und Kopien dieser Seite sind nur f\u00fcr den privaten, nicht kommerziellen Gebrauch gestattet. Soweit die Inhalte auf dieser Seite nicht vom Betreiber erstellt wurden, werden die Urheberrechte Dritter beachtet. Insbesondere werden Inhalte Dritter als solche gekennzeichnet. Sollten Sie trotzdem auf eine Urheberrechtsverletzung aufmerksam werden, bitten wir um einen entsprechenden Hinweis. Bei Bekanntwerden von Rechtsverletzungen werden wir derartige Inhalte umgehend entfernen.<br><br><strong>Datenschutz<\/strong><br><br>Die Nutzung unserer Webseite ist in der Regel ohne Angabe personenbezogener Daten m\u00f6glich. Soweit auf unseren Seiten personenbezogene Daten (beispielsweise Name, Anschrift oder eMail-Adressen) erhoben werden, erfolgt dies, soweit m\u00f6glich, stets auf freiwilliger Basis. Diese Daten werden ohne Ihre ausdr\u00fcckliche Zustimmung nicht an Dritte weitergegeben.<br>Wir weisen darauf hin, dass die Daten\u00fcbertragung im Internet (z.B. bei der Kommunikation per E-Mail) Sicherheitsl\u00fccken aufweisen kann. Ein l\u00fcckenloser Schutz der Daten vor dem Zugriff durch Dritte ist nicht m\u00f6glich, auch wenn wir Verschl\u00fcsslungstechnologien verwenden.<br>Der Nutzung von im Rahmen der Impressumspflicht ver\u00f6ffentlichten Kontaktdaten durch Dritte zur \u00dcbersendung von nicht ausdr\u00fccklich angeforderter Werbung und Informationsmaterialien wird hiermit ausdr\u00fccklich widersprochen. Die Betreiber der Seiten behalten sich ausdr\u00fccklich rechtliche Schritte im Falle der unverlangten Zusendung von Werbeinformationen, etwa durch Spam-Mails, vor.<br><br><br><\/p>\n","protected":false},"excerpt":{"rendered":"<p>Impressum Angaben gem\u00e4\u00df \u00a7 5 TMG Georg SchumannMerianstr. 3080637 M\u00fcnchen Vertreten durch:Georg Schumann Kontakt:Telefon: +49-179 68 23 575E-Mail: contact@changecommunication.org Umsatzsteuer-ID:Umsatzsteuer-Identifikationsnummer gem\u00e4\u00df \u00a727a Umsatzsteuergesetz: 148\/139\/70636 Plattform der EU-Kommission zur Online-Streitbeilegung: https:\/\/www.ec.europa.eu\/consumers\/odr Verantwortlich f\u00fcr den Inhalt nach \u00a7 55 Abs. 2 RStV (Inhaltlich verantwortlich):Georg SchumannMerianstr. 3080637 M\u00fcnchen Haftungsausschluss: Haftung f\u00fcr Inhalte Die Inhalte unserer Seiten wurden mit&hellip;&nbsp;<a href=\"http:\/\/changecommunication.org\/en\/impressum\/\" class=\"\" rel=\"bookmark\">Read More &raquo;<span class=\"screen-reader-text\">Impressum<\/span><\/a><\/p>\n","protected":false},"author":1,"featured_media":0,"parent":0,"menu_order":0,"comment_status":"closed","ping_status":"closed","template":"","meta":{"neve_meta_sidebar":"","neve_meta_container":"","neve_meta_enable_content_width":"","neve_meta_content_width":0,"neve_meta_title_alignment":"","neve_meta_author_avatar":"","neve_post_elements_order":"","neve_meta_disable_header":"","neve_meta_disable_footer":"","neve_meta_disable_title":"on","_themeisle_gutenberg_block_has_review":false,"footnotes":""},"class_list":["post-634","page","type-page","status-publish","hentry"],"yoast_head":"<!-- This site is optimized with the Yoast SEO plugin v20.12 - https:\/\/yoast.com\/wordpress\/plugins\/seo\/ -->\n<title>Impressum - Change Communication<\/title>\n<meta name=\"robots\" content=\"index, follow, max-snippet:-1, max-image-preview:large, max-video-preview:-1\" \/>\n<link rel=\"canonical\" href=\"https:\/\/changecommunication.org\/en\/impressum\/\" \/>\n<meta property=\"og:locale\" content=\"en_US\" \/>\n<meta property=\"og:type\" content=\"article\" \/>\n<meta property=\"og:title\" content=\"Impressum - Change Communication\" \/>\n<meta property=\"og:description\" content=\"Impressum Angaben gem\u00e4\u00df \u00a7 5 TMG Georg SchumannMerianstr. 3080637 M\u00fcnchen Vertreten durch:Georg Schumann Kontakt:Telefon: +49-179 68 23 575E-Mail: contact@changecommunication.org Umsatzsteuer-ID:Umsatzsteuer-Identifikationsnummer gem\u00e4\u00df \u00a727a Umsatzsteuergesetz: 148\/139\/70636 Plattform der EU-Kommission zur Online-Streitbeilegung: https:\/\/www.ec.europa.eu\/consumers\/odr Verantwortlich f\u00fcr den Inhalt nach \u00a7 55 Abs. 2 RStV (Inhaltlich verantwortlich):Georg SchumannMerianstr. 3080637 M\u00fcnchen Haftungsausschluss: Haftung f\u00fcr Inhalte Die Inhalte unserer Seiten wurden mit&hellip;&nbsp;Read More &raquo;Impressum\" \/>\n<meta property=\"og:url\" content=\"https:\/\/changecommunication.org\/en\/impressum\/\" \/>\n<meta property=\"og:site_name\" content=\"Change Communication\" \/>\n<meta property=\"article:modified_time\" content=\"2023-08-04T17:57:44+00:00\" \/>\n<meta name=\"twitter:card\" content=\"summary_large_image\" \/>\n<meta name=\"twitter:label1\" content=\"Est. reading time\" \/>\n\t<meta name=\"twitter:data1\" content=\"3 minutes\" \/>\n<script type=\"application\/ld+json\" class=\"yoast-schema-graph\">{\"@context\":\"https:\/\/schema.org\",\"@graph\":[{\"@type\":\"WebPage\",\"@id\":\"https:\/\/changecommunication.org\/impressum\/\",\"url\":\"https:\/\/changecommunication.org\/impressum\/\",\"name\":\"Impressum - Change Communication\",\"isPartOf\":{\"@id\":\"http:\/\/changecommunication.org\/en\/#website\"},\"datePublished\":\"2023-04-04T08:12:09+00:00\",\"dateModified\":\"2023-08-04T17:57:44+00:00\",\"breadcrumb\":{\"@id\":\"https:\/\/changecommunication.org\/impressum\/#breadcrumb\"},\"inLanguage\":\"en-US\",\"potentialAction\":[{\"@type\":\"ReadAction\",\"target\":[\"https:\/\/changecommunication.org\/impressum\/\"]}]},{\"@type\":\"BreadcrumbList\",\"@id\":\"https:\/\/changecommunication.org\/impressum\/#breadcrumb\",\"itemListElement\":[{\"@type\":\"ListItem\",\"position\":1,\"name\":\"Home\",\"item\":\"https:\/\/changecommunication.org\/\"},{\"@type\":\"ListItem\",\"position\":2,\"name\":\"Impressum\"}]},{\"@type\":\"WebSite\",\"@id\":\"http:\/\/changecommunication.org\/en\/#website\",\"url\":\"http:\/\/changecommunication.org\/en\/\",\"name\":\"Change Communication\",\"description\":\"Leadership Communication Trainings\",\"publisher\":{\"@id\":\"http:\/\/changecommunication.org\/en\/#organization\"},\"alternateName\":\"Change Communication Leadership Trainings\",\"potentialAction\":[{\"@type\":\"SearchAction\",\"target\":{\"@type\":\"EntryPoint\",\"urlTemplate\":\"http:\/\/changecommunication.org\/en\/?s={search_term_string}\"},\"query-input\":\"required name=search_term_string\"}],\"inLanguage\":\"en-US\"},{\"@type\":\"Organization\",\"@id\":\"http:\/\/changecommunication.org\/en\/#organization\",\"name\":\"Change Communication\",\"alternateName\":\"Change Communication Trainings\",\"url\":\"http:\/\/changecommunication.org\/en\/\",\"logo\":{\"@type\":\"ImageObject\",\"inLanguage\":\"en-US\",\"@id\":\"http:\/\/changecommunication.org\/en\/#\/schema\/logo\/image\/\",\"url\":\"https:\/\/changecommunication.org\/wp-content\/uploads\/2023\/02\/People-Connected-and-Title-Orange-darker.png\",\"contentUrl\":\"https:\/\/changecommunication.org\/wp-content\/uploads\/2023\/02\/People-Connected-and-Title-Orange-darker.png\",\"width\":755,\"height\":167,\"caption\":\"Change Communication\"},\"image\":{\"@id\":\"http:\/\/changecommunication.org\/en\/#\/schema\/logo\/image\/\"},\"sameAs\":[\"https:\/\/www.linkedin.com\/in\/georgschumann\/\"]}]}<\/script>\n<!-- \/ Yoast SEO plugin. -->","yoast_head_json":{"title":"Impressum - Change Communication","robots":{"index":"index","follow":"follow","max-snippet":"max-snippet:-1","max-image-preview":"max-image-preview:large","max-video-preview":"max-video-preview:-1"},"canonical":"https:\/\/changecommunication.org\/en\/impressum\/","og_locale":"en_US","og_type":"article","og_title":"Impressum - Change Communication","og_description":"Impressum Angaben gem\u00e4\u00df \u00a7 5 TMG Georg SchumannMerianstr. 3080637 M\u00fcnchen Vertreten durch:Georg Schumann Kontakt:Telefon: +49-179 68 23 575E-Mail: contact@changecommunication.org Umsatzsteuer-ID:Umsatzsteuer-Identifikationsnummer gem\u00e4\u00df \u00a727a Umsatzsteuergesetz: 148\/139\/70636 Plattform der EU-Kommission zur Online-Streitbeilegung: https:\/\/www.ec.europa.eu\/consumers\/odr Verantwortlich f\u00fcr den Inhalt nach \u00a7 55 Abs. 2 RStV (Inhaltlich verantwortlich):Georg SchumannMerianstr. 3080637 M\u00fcnchen Haftungsausschluss: Haftung f\u00fcr Inhalte Die Inhalte unserer Seiten wurden mit&hellip;&nbsp;Read More &raquo;Impressum","og_url":"https:\/\/changecommunication.org\/en\/impressum\/","og_site_name":"Change Communication","article_modified_time":"2023-08-04T17:57:44+00:00","twitter_card":"summary_large_image","twitter_misc":{"Est. reading time":"3 minutes"},"schema":{"@context":"https:\/\/schema.org","@graph":[{"@type":"WebPage","@id":"https:\/\/changecommunication.org\/impressum\/","url":"https:\/\/changecommunication.org\/impressum\/","name":"Impressum - Change Communication","isPartOf":{"@id":"http:\/\/changecommunication.org\/en\/#website"},"datePublished":"2023-04-04T08:12:09+00:00","dateModified":"2023-08-04T17:57:44+00:00","breadcrumb":{"@id":"https:\/\/changecommunication.org\/impressum\/#breadcrumb"},"inLanguage":"en-US","potentialAction":[{"@type":"ReadAction","target":["https:\/\/changecommunication.org\/impressum\/"]}]},{"@type":"BreadcrumbList","@id":"https:\/\/changecommunication.org\/impressum\/#breadcrumb","itemListElement":[{"@type":"ListItem","position":1,"name":"Home","item":"https:\/\/changecommunication.org\/"},{"@type":"ListItem","position":2,"name":"Impressum"}]},{"@type":"WebSite","@id":"http:\/\/changecommunication.org\/en\/#website","url":"http:\/\/changecommunication.org\/en\/","name":"Change Communication","description":"Leadership Communication Trainings","publisher":{"@id":"http:\/\/changecommunication.org\/en\/#organization"},"alternateName":"Change Communication Leadership Trainings","potentialAction":[{"@type":"SearchAction","target":{"@type":"EntryPoint","urlTemplate":"http:\/\/changecommunication.org\/en\/?s={search_term_string}"},"query-input":"required name=search_term_string"}],"inLanguage":"en-US"},{"@type":"Organization","@id":"http:\/\/changecommunication.org\/en\/#organization","name":"Change Communication","alternateName":"Change Communication Trainings","url":"http:\/\/changecommunication.org\/en\/","logo":{"@type":"ImageObject","inLanguage":"en-US","@id":"http:\/\/changecommunication.org\/en\/#\/schema\/logo\/image\/","url":"https:\/\/changecommunication.org\/wp-content\/uploads\/2023\/02\/People-Connected-and-Title-Orange-darker.png","contentUrl":"https:\/\/changecommunication.org\/wp-content\/uploads\/2023\/02\/People-Connected-and-Title-Orange-darker.png","width":755,"height":167,"caption":"Change Communication"},"image":{"@id":"http:\/\/changecommunication.org\/en\/#\/schema\/logo\/image\/"},"sameAs":["https:\/\/www.linkedin.com\/in\/georgschumann\/"]}]}},"_links":{"self":[{"href":"http:\/\/changecommunication.org\/en\/wp-json\/wp\/v2\/pages\/634","targetHints":{"allow":["GET"]}}],"collection":[{"href":"http:\/\/changecommunication.org\/en\/wp-json\/wp\/v2\/pages"}],"about":[{"href":"http:\/\/changecommunication.org\/en\/wp-json\/wp\/v2\/types\/page"}],"author":[{"embeddable":true,"href":"http:\/\/changecommunication.org\/en\/wp-json\/wp\/v2\/users\/1"}],"replies":[{"embeddable":true,"href":"http:\/\/changecommunication.org\/en\/wp-json\/wp\/v2\/comments?post=634"}],"version-history":[{"count":9,"href":"http:\/\/changecommunication.org\/en\/wp-json\/wp\/v2\/pages\/634\/revisions"}],"predecessor-version":[{"id":1040,"href":"http:\/\/changecommunication.org\/en\/wp-json\/wp\/v2\/pages\/634\/revisions\/1040"}],"wp:attachment":[{"href":"http:\/\/changecommunication.org\/en\/wp-json\/wp\/v2\/media?parent=634"}],"curies":[{"name":"wp","href":"https:\/\/api.w.org\/{rel}","templated":true}]}}